{"id":107,"date":"2016-12-28T13:27:32","date_gmt":"2016-12-28T12:27:32","guid":{"rendered":"http:\/\/www.hockey-aalen.de\/w9\/?page_id=107"},"modified":"2026-03-22T18:39:37","modified_gmt":"2026-03-22T17:39:37","slug":"trainingszeiten","status":"publish","type":"page","link":"https:\/\/www.hockey-aalen.de\/w9\/index.php\/sportlicher-betrieb\/trainingszeiten\/","title":{"rendered":"Trainingszeiten Feld 2026"},"content":{"rendered":"<p>Stand M\u00e4rz 2026<\/p>\n<figure class=\"wp-block-table\">\n<table>\n<tbody>\n<tr>\n<td><strong>Herren<\/strong><\/td>\n<td>2008 und \u00e4lter<\/td>\n<td>Mi. 20:30 &#8211; 22:00<br \/>\nFr. 20:30 &#8211; 22:00<\/td>\n<td>KuRa B\u00fcrgle<\/td>\n<\/tr>\n<tr>\n<td><strong>Damen<\/strong><\/td>\n<td>2008 und \u00e4lter<\/td>\n<td>Di. 19:30 &#8211; 21:00<br \/>\nDo. 19:30 &#8211; 21:00<\/td>\n<td>KuRa B\u00fcrgle<\/td>\n<\/tr>\n<tr>\n<td><strong>U16w<\/strong><\/td>\n<td>2010\/11<\/td>\n<td>Di. 19:30 &#8211; 21:00<br \/>\nDo. 19:30 &#8211; 21:00<\/td>\n<td>KuRa B\u00fcrgle<\/td>\n<\/tr>\n<tr>\n<td><strong>U14w, U12w<\/strong><\/td>\n<td>2012\/13\/14\/15<\/td>\n<td>Di. 18:00 &#8211; 19:30<br \/>\nDo. 18:00 &#8211; 19:30<\/td>\n<td>KuRa B\u00fcrgle<\/td>\n<\/tr>\n<tr>\n<td><strong>U16m, U14m<\/strong><\/td>\n<td>2010\/11\/12\/13<\/td>\n<td>Mi. 19:00 &#8211; 20:30<br \/>\nFr. 19:00 &#8211; 20:30<\/td>\n<td>\u00a0KuRa B\u00fcrgle<\/td>\n<\/tr>\n<tr>\n<td><strong>U12m<\/strong><\/td>\n<td>2014\/15<\/td>\n<td>Mi. 17:30 &#8211; 19:00<br \/>\nFr. 18:00 &#8211; 19:30<\/td>\n<td>\u00a0KuRa B\u00fcrgle<\/td>\n<\/tr>\n<tr>\n<td><strong>U10m<\/strong><\/td>\n<td>2016\/17<\/td>\n<td>Mi. 17:00 &#8211; 18:30<br \/>\nFr. 17:30 &#8211; 19:00<\/td>\n<td>KuRa B\u00fcrgle<\/td>\n<\/tr>\n<tr>\n<td><strong>U10w, U8w<\/strong><\/td>\n<td>2016\/17\/18\/19<\/td>\n<td>Mo. 16:30 &#8211; 18:00<br \/>\nDo. 16:30 &#8211; 18:00<\/td>\n<td>KuRa B\u00fcrgle<\/td>\n<\/tr>\n<tr>\n<td><strong>U8m<\/strong><\/td>\n<td>2018\/19<\/td>\n<td>Di. 16:00 &#8211; 17:30<br \/>\nFr. 16:00 &#8211; 17:30<\/td>\n<td>KuRa B\u00fcrgle<\/td>\n<\/tr>\n<tr>\n<td><strong>Minis<\/strong><\/td>\n<td>2020\/21<\/td>\n<td>Fr. 16:00 &#8211; 17:30<\/td>\n<td>KuRa B\u00fcrgle<\/td>\n<\/tr>\n<tr>\n<td><strong>Bambinis<\/strong><\/td>\n<td>2022\/23<\/td>\n<td>Di. 16:15 &#8211; 17:15<\/td>\n<td>KuRa B\u00fcrgle<\/td>\n<\/tr>\n<tr>\n<td><strong>Eltern\/Jedermann<\/strong><\/td>\n<td><\/td>\n<td>Fr. 20:30 &#8211; 22:00<\/td>\n<td>KuRa B\u00fcrgle<\/td>\n<\/tr>\n<tr>\n<td><strong>Athletiktraining<\/strong><\/td>\n<td><\/td>\n<td>Mo. 17:30 &#8211; 19:00<\/td>\n<td>KuRa B\u00fcrgle<\/td>\n<\/tr>\n<tr>\n<td><strong>TW-Training<\/strong><\/td>\n<td><\/td>\n<td>Mo. 17:30 &#8211; 19:00<br \/>\nSa.\/So. nach Bekanntgabe<\/td>\n<td>KuRa B\u00fcrgle<\/td>\n<\/tr>\n<\/tbody>\n<\/table>\n<\/figure>\n","protected":false},"excerpt":{"rendered":"<p>Stand M\u00e4rz 2026 Herren 2008 und \u00e4lter Mi. 20:30 &#8211; 22:00 Fr. 20:30 &#8211; 22:00 KuRa B\u00fcrgle Damen 2008 und \u00e4lter Di. 19:30 &#8211; 21:00 Do. 19:30 &#8211; 21:00 KuRa &hellip; <\/p>\n","protected":false},"author":1,"featured_media":0,"parent":104,"menu_order":0,"comment_status":"closed","ping_status":"closed","template":"","meta":{"footnotes":""},"class_list":["post-107","page","type-page","status-publish","hentry"],"_links":{"self":[{"href":"https:\/\/www.hockey-aalen.de\/w9\/index.php\/wp-json\/wp\/v2\/pages\/107","targetHints":{"allow":["GET"]}}],"collection":[{"href":"https:\/\/www.hockey-aalen.de\/w9\/index.php\/wp-json\/wp\/v2\/pages"}],"about":[{"href":"https:\/\/www.hockey-aalen.de\/w9\/index.php\/wp-json\/wp\/v2\/types\/page"}],"author":[{"embeddable":true,"href":"https:\/\/www.hockey-aalen.de\/w9\/index.php\/wp-json\/wp\/v2\/users\/1"}],"replies":[{"embeddable":true,"href":"https:\/\/www.hockey-aalen.de\/w9\/index.php\/wp-json\/wp\/v2\/comments?post=107"}],"version-history":[{"count":198,"href":"https:\/\/www.hockey-aalen.de\/w9\/index.php\/wp-json\/wp\/v2\/pages\/107\/revisions"}],"predecessor-version":[{"id":12138,"href":"https:\/\/www.hockey-aalen.de\/w9\/index.php\/wp-json\/wp\/v2\/pages\/107\/revisions\/12138"}],"up":[{"embeddable":true,"href":"https:\/\/www.hockey-aalen.de\/w9\/index.php\/wp-json\/wp\/v2\/pages\/104"}],"wp:attachment":[{"href":"https:\/\/www.hockey-aalen.de\/w9\/index.php\/wp-json\/wp\/v2\/media?parent=107"}],"curies":[{"name":"wp","href":"https:\/\/api.w.org\/{rel}","templated":true}]}}