{"id":109,"date":"2016-12-28T13:27:50","date_gmt":"2016-12-28T12:27:50","guid":{"rendered":"http:\/\/www.hockey-aalen.de\/w9\/?page_id=109"},"modified":"2026-03-31T16:51:42","modified_gmt":"2026-03-31T14:51:42","slug":"trainer","status":"publish","type":"page","link":"https:\/\/www.hockey-aalen.de\/w9\/index.php\/sportlicher-betrieb\/trainer\/","title":{"rendered":"Trainer"},"content":{"rendered":"\n<p>Stand M\u00e4rz 2026<\/p>\n\n\n\n<div class=\"wp-block-columns is-layout-flex wp-container-core-columns-is-layout-9d6595d7 wp-block-columns-is-layout-flex\">\n<div class=\"wp-block-column is-layout-flow wp-block-column-is-layout-flow\" style=\"flex-basis:100%\">\n<figure class=\"wp-block-table is-style-regular\"><table><tbody><tr><td><strong>Herren<\/strong><\/td><td><strong>S\u00f6ren Kopelke<\/strong><br>soeren.kopelke (at) hockey-aalen.de<\/td><td class=\"has-text-align-left\" data-align=\"left\">&nbsp;<\/td><\/tr><tr><td><strong>Damen<\/strong><\/td><td>\n<p><strong>Sarah Nieland<\/strong><br>sarah.nieland (at) hockey-aalen.de<br><br><strong>Karla \u00dcbele<\/strong><br>karla.uebele (at) hockey-aalen.de<\/p>\n<\/td><td class=\"has-text-align-left\" data-align=\"left\">&nbsp;<\/td><\/tr><tr><td><strong>U16m, U14m<\/strong><\/td><td><strong>Bernd Abele<\/strong><br>bernd.abele (at) hockey-aalen.de <br><br>\n<p><strong>Stefan Gr\u00f6ninger<\/strong><br>stefan.groeninger (at) hockey-aalen.de<\/p>\n<\/td><td class=\"has-text-align-left\" data-align=\"left\">&nbsp;<\/td><\/tr><tr><td><strong>U16w<\/strong><\/td><td>\n<p><strong>J\u00fcrgen Lipp<\/strong><br>juergen.lipp (at) hockey-aalen.de<\/p>\n<p><strong>Volker Hermann<\/strong><br>volker.hermann (at) hockey-aalen.de<\/p>\n<\/td><td class=\"has-text-align-left\" data-align=\"left\">&nbsp;<\/td><\/tr><tr><td><strong>U14w, U12w<\/strong><\/td><td><strong>Walter F\u00fcrst<\/strong><br>walter.fuerst (at) hockey-aalen.de <br><br>\n<p><strong>Marc Stroisch<\/strong><br>marc.stroisch (at) hockey-aalen.de<\/p>\n<\/td><td class=\"has-text-align-left\" data-align=\"left\">\n<p><strong>Leni Felgenhauer<\/strong><br><strong>Axelle Lefeuvre<\/strong><br><strong>Anca Schmidt<\/strong><br><strong>Lara Weinschenk<\/strong><\/p>\n<\/td><\/tr><tr><td><strong>U12m<\/strong><\/td><td>\n<p><strong>Marius Maier<\/strong><br>marius.maier (at) hockey-aalen.de<br><br><strong>Leon Polino<\/strong><br>leon.polino (at) hockey-aalen.de<\/p>\n<\/td><td class=\"has-text-align-left\" data-align=\"left\">&nbsp;<\/td><\/tr><tr><td><strong>U10m<\/strong><\/td><td>\n<p><strong>David Gross<\/strong><br>david.gross (at) hockey-aalen.de<\/p>\n<p><strong>Michael Zimmermann<\/strong><br>michael.zimmermann (at) hockey-aalen.de<\/p>\n<\/td><td class=\"has-text-align-left\" data-align=\"left\">&nbsp;<\/td><\/tr><tr><td><strong>U10w<\/strong><\/td><td><strong>Ina F\u00fcrst<\/strong><br>ina.fuerst (at) hockey-aalen.de <br><br>\n<p><strong>Bernd Maier<\/strong><br>bernd.maier (at) hockey-aalen.de<\/p>\n<\/td><td class=\"has-text-align-left\" data-align=\"left\">&nbsp;<\/td><\/tr><tr><td><strong>U8w<\/strong><\/td><td><strong>Marc Gausmann<\/strong><br>marc.gausmann (at) hockey-aalen.de<\/td><td class=\"has-text-align-left\" data-align=\"left\">&nbsp;<\/td><\/tr><tr><td><strong>U8m<\/strong><\/td><td><strong>Biggi Haase<\/strong><br>birgit.haase (at) hockey-aalen.de<\/td><td class=\"has-text-align-left\" data-align=\"left\">\u00a0Luca, Paul W., Moritz<\/td><\/tr><tr><td><strong>Minis<\/strong><\/td><td><strong>Biggi Haase<\/strong><br>birgit.haase (at) hockey-aalen.de<\/td><td class=\"has-text-align-left\" data-align=\"left\">\u00a0Helen, Pia, Matilda<\/td><\/tr><tr><td><strong>Bambinis<\/strong><\/td><td><strong>Sebastian Blank<\/strong><br>sebastian.blank (at) hockey-aalen.de<\/td><td class=\"has-text-align-left\" data-align=\"left\">\n<p><strong>&nbsp;<\/strong><\/p>\n<\/td><\/tr><tr><td><strong>Eltern\/Jedermann<\/strong><\/td><td><strong>Gunther Schmidt<\/strong><br>gunther.schmidt (at) hockey-aalen.de<\/td><td class=\"has-text-align-left\" data-align=\"left\">&nbsp;<\/td><\/tr><tr><td><strong>Athletiktraining<\/strong><\/td><td><strong>David Gross<\/strong><br>david.gross (at) hockey-aalen.de<\/td><td class=\"has-text-align-left\" data-align=\"left\">&nbsp;<\/td><\/tr><tr><td><strong>TW-Training<\/strong><\/td><td><strong>Andreas Prasse<\/strong><br>andreas.prasse (at) hockey-aalen.de<\/td><td class=\"has-text-align-left\" data-align=\"left\">&nbsp;<\/td><\/tr><\/tbody><\/table><\/figure>\n<\/div>\n<\/div>\n\n\n\n<p>&nbsp;<\/p>\n","protected":false},"excerpt":{"rendered":"<p>Stand M\u00e4rz 2026 Herren S\u00f6ren Kopelkesoeren.kopelke (at) hockey-aalen.de &nbsp; Damen Sarah Nielandsarah.nieland (at) hockey-aalen.de Karla \u00dcbelekarla.uebele (at) hockey-aalen.de &nbsp; U16m, U14m Bernd Abelebernd.abele (at) hockey-aalen.de Stefan Gr\u00f6ningerstefan.groeninger (at) hockey-aalen.de &nbsp; &hellip; <\/p>\n","protected":false},"author":1,"featured_media":0,"parent":104,"menu_order":0,"comment_status":"closed","ping_status":"closed","template":"","meta":{"footnotes":""},"class_list":["post-109","page","type-page","status-publish","hentry"],"_links":{"self":[{"href":"https:\/\/www.hockey-aalen.de\/w9\/index.php\/wp-json\/wp\/v2\/pages\/109","targetHints":{"allow":["GET"]}}],"collection":[{"href":"https:\/\/www.hockey-aalen.de\/w9\/index.php\/wp-json\/wp\/v2\/pages"}],"about":[{"href":"https:\/\/www.hockey-aalen.de\/w9\/index.php\/wp-json\/wp\/v2\/types\/page"}],"author":[{"embeddable":true,"href":"https:\/\/www.hockey-aalen.de\/w9\/index.php\/wp-json\/wp\/v2\/users\/1"}],"replies":[{"embeddable":true,"href":"https:\/\/www.hockey-aalen.de\/w9\/index.php\/wp-json\/wp\/v2\/comments?post=109"}],"version-history":[{"count":196,"href":"https:\/\/www.hockey-aalen.de\/w9\/index.php\/wp-json\/wp\/v2\/pages\/109\/revisions"}],"predecessor-version":[{"id":12198,"href":"https:\/\/www.hockey-aalen.de\/w9\/index.php\/wp-json\/wp\/v2\/pages\/109\/revisions\/12198"}],"up":[{"embeddable":true,"href":"https:\/\/www.hockey-aalen.de\/w9\/index.php\/wp-json\/wp\/v2\/pages\/104"}],"wp:attachment":[{"href":"https:\/\/www.hockey-aalen.de\/w9\/index.php\/wp-json\/wp\/v2\/media?parent=109"}],"curies":[{"name":"wp","href":"https:\/\/api.w.org\/{rel}","templated":true}]}}