{"id":24,"date":"2016-12-28T12:45:53","date_gmt":"2016-12-28T11:45:53","guid":{"rendered":"http:\/\/www.hockey-aalen.de\/w9\/?page_id=24"},"modified":"2017-04-15T12:37:33","modified_gmt":"2017-04-15T10:37:33","slug":"anfahrt","status":"publish","type":"page","link":"https:\/\/www.hockey-aalen.de\/w9\/index.php\/anfahrt\/","title":{"rendered":"Anfahrt"},"content":{"rendered":"<h3>Anfahrts\u00fcbersicht<\/h3>\n<p>Detailierte Ausf\u00fchrungen sind weiter unten zu finden.<\/p>\n<p><img loading=\"lazy\" decoding=\"async\" class=\"alignnone wp-image-156 size-large\" src=\"https:\/\/www.hockey-aalen.de\/w9\/wp-content\/uploads\/2016\/12\/mapOverview-1024x609.jpg\" width=\"650\" height=\"387\" srcset=\"https:\/\/www.hockey-aalen.de\/w9\/wp-content\/uploads\/2016\/12\/mapOverview-1024x609.jpg 1024w, https:\/\/www.hockey-aalen.de\/w9\/wp-content\/uploads\/2016\/12\/mapOverview-300x178.jpg 300w, https:\/\/www.hockey-aalen.de\/w9\/wp-content\/uploads\/2016\/12\/mapOverview-768x457.jpg 768w, https:\/\/www.hockey-aalen.de\/w9\/wp-content\/uploads\/2016\/12\/mapOverview.jpg 1396w\" sizes=\"auto, (max-width: 650px) 100vw, 650px\" \/><\/p>\n<h3>Fahrtwegbeschreibung zum Kunstrasenplatz auf dem B\u00fcrgle<\/h3>\n<p>B\u00fcrglesteige 12, 73433 Aalen-Wasseralfingen<br \/>\n<em>(N 48.874411 E 10.089591)(N 48:52:28 E 10:05:23)<\/em><\/p>\n<p>Aus Richtung W\u00fcrzburg\/N\u00fcrnberg\/Ulm \u00fcber die A7:<\/p>\n<p>1. An der Ausfahrt Aalen\/Westhausen (Ausfahrt 114) die Autobahn auf der B29 in<br \/>\nRichtung Aalen verlassen<br \/>\n2. Nach etwa 6 km an der Ausfahrt abbiegen, im folgenden Kreisel die erste Ausfahrt<br \/>\nRichtung Wasseralfingen nehmen<br \/>\n3. wie unten<\/p>\n<h4>Aus Richtung Stuttgart \u00fcber die B29:<\/h4>\n<p>1. Bei der Ortseinfahrt Aalen (bei Gentner\/REWE\/Media Markt) links einordnen und<br \/>\nder B29 in Richtung der Autobahn A7 durch den Tunnel folgen.<br \/>\n2. An der Ausfahrt H\u00fcttlingen\/Wasseralfingen rechts Richtung Wasseralfingen<br \/>\nabbiegen, im folgenden Kreisel die erste Ausfahrt Richtung Wasseralfingen<br \/>\nnehmen<br \/>\n3. Danach etwa 1 km bis zu einem weiteren Kreisel fahren und wieder die erste<br \/>\nAusfahrt nehmen, dann die B\u00fcrglesteige hochfahren und die Bushaltestelle rechter Hand passieren, danach immer gerade aus weiterfahren<br \/>\n4. Nach 500 m ist auf der rechten Seite der<br \/>\nKunstrasenplatz \u201eAuf dem B\u00fcrgle\u201c zu sehen<\/p>\n<h3>Fahrtwegbeschreibung zur Ulrich-Pfeifle-Halle (Greuthalle)<\/h3>\n<p>Parkstra\u00dfe 15, 73430 Aalen<br \/>\n<em>(N 48.840444 E 10.082418)(N 48:50:26 E 10:04:57)<\/em><\/p>\n<p><img loading=\"lazy\" decoding=\"async\" class=\"alignnone wp-image-158 size-large\" src=\"https:\/\/www.hockey-aalen.de\/w9\/wp-content\/uploads\/2016\/12\/mapAalen-1024x476.jpg\" width=\"650\" height=\"302\" srcset=\"https:\/\/www.hockey-aalen.de\/w9\/wp-content\/uploads\/2016\/12\/mapAalen-1024x476.jpg 1024w, https:\/\/www.hockey-aalen.de\/w9\/wp-content\/uploads\/2016\/12\/mapAalen-300x139.jpg 300w, https:\/\/www.hockey-aalen.de\/w9\/wp-content\/uploads\/2016\/12\/mapAalen-768x357.jpg 768w, https:\/\/www.hockey-aalen.de\/w9\/wp-content\/uploads\/2016\/12\/mapAalen.jpg 1591w\" sizes=\"auto, (max-width: 650px) 100vw, 650px\" \/><\/p>\n<h4>Aus Richtung Stuttgart \u00fcber die B29:<\/h4>\n<p>1. Der B29 links durch den Tunnel folgen<br \/>\n2. Nach dem Tunnel rechts abbiegen und anschlie\u00dfend\u00a0nach links abbiegen<br \/>\n3. Gerade aus den Berg hoch, nach 1,4 km dem Gymnasium\u00a0links abbiegen,<\/p>\n<p>4. 350 m weiter ist links die Ulrich-Pfeifle-Halle<\/p>\n<h4>Aus Richtung W\u00fcrzburg\/N\u00fcrnberg \u00fcber die A7:<\/h4>\n<p>1. Bei der Autobahnausfahrt Aalen\/Westhausen (Ausfahrt 114) abbiegen und der B29<br \/>\nRichtung Aalen folgen (ca. 11 km)<br \/>\n2. Vor dem Tunnel bei Unterrombach links abbiegen und anschlie\u00dfend nochmals nach<br \/>\nlinks<br \/>\n3. Nach dem Gymnasium wieder links einbiegen (nach ca. 1,4 km)<br \/>\n4. Nach 350 m ist links die Ulrich-Pfeifle-Halle<\/p>\n<h4>Aus Richtung Ulm \u00fcber die A7:<\/h4>\n<p>1. An der Autobahnausfahrt Aalen\/Oberkochen (Ausfahrt 115) abbiegen<br \/>\n2. \u00dcber Ebnat geht es nach Unterkochen (ca. 7 km)<br \/>\n3. In Unterkochen rechts auf die Heidenheimer Stra\u00dfe nach Aalen abbiegen (ca. 3,3 km)<br \/>\n4. Nach der \u201eGSA\u201c links abbiegen und nach 350 m wieder rechts<br \/>\n5. Danach 1 km der Julius-Bausch-Stra\u00dfe folgen (linke Spur benutzen)<br \/>\n6. An der Kreuzung Beim geht es nach links ca. 350 m weiter<br \/>\n7. Vor dem Gymnasium geht es rechts und noch 350 m bis zum Zielort<br \/>\n8. Links ist dann die Ulrich-Pfeifle-Halle zu sehen<\/p>\n<h3>Fahrtwegbeschreibung zur Karl-Weiland-Halle<\/h3>\n<p>Friedrichstra\u00dfe 72, 73430\u00a0 Aalen<br \/>\n<em>(N 48.84234 E 10.090325)(N 48:50:32 E 10:05:25)(Koordinaten Parkplatz)<\/em><\/p>\n<h4>Aus Richtung Stuttgart \u00fcber die B29:<\/h4>\n<p>1. Auf der B29 kommend gerade aus Richtung AA-Zentrum fahren<br \/>\n2. Im Kreisverkehr gerade aus\u00a0weiter Richtug AA-Zentrum fahren<br \/>\n3. Am n\u00e4chsten Kreisverkehr rechts vorbeifahren und rechts halten (ca. 1 km)<br \/>\n4. Nach der folgenden Linkskurve weiter der Stra\u00dfe durch die Unterf\u00fchrung am Bahnhof folgen<br \/>\n5. Hinter der Unterf\u00fchrung links halten und die Kreuzung gerade \u00fcberqueren<br \/>\n6. Am Ende der Stra\u00dfe befindet sich links die Schranke zur Parkplatzeinfahrt<\/p>\n<h3><strong>Fahrtwegbeschreibung zur Galgenberghalle<\/strong><\/h3>\n<p>Galgenbergstra\u00dfe 50, 73431 Aalen<\/p>\n","protected":false},"excerpt":{"rendered":"<p>Anfahrts\u00fcbersicht Detailierte Ausf\u00fchrungen sind weiter unten zu finden. Fahrtwegbeschreibung zum Kunstrasenplatz auf dem B\u00fcrgle B\u00fcrglesteige 12, 73433 Aalen-Wasseralfingen (N 48.874411 E 10.089591)(N 48:52:28 E 10:05:23) Aus Richtung W\u00fcrzburg\/N\u00fcrnberg\/Ulm \u00fcber die &hellip; <\/p>\n","protected":false},"author":1,"featured_media":0,"parent":0,"menu_order":0,"comment_status":"closed","ping_status":"closed","template":"template-full-width.php","meta":{"footnotes":""},"class_list":["post-24","page","type-page","status-publish","hentry"],"_links":{"self":[{"href":"https:\/\/www.hockey-aalen.de\/w9\/index.php\/wp-json\/wp\/v2\/pages\/24","targetHints":{"allow":["GET"]}}],"collection":[{"href":"https:\/\/www.hockey-aalen.de\/w9\/index.php\/wp-json\/wp\/v2\/pages"}],"about":[{"href":"https:\/\/www.hockey-aalen.de\/w9\/index.php\/wp-json\/wp\/v2\/types\/page"}],"author":[{"embeddable":true,"href":"https:\/\/www.hockey-aalen.de\/w9\/index.php\/wp-json\/wp\/v2\/users\/1"}],"replies":[{"embeddable":true,"href":"https:\/\/www.hockey-aalen.de\/w9\/index.php\/wp-json\/wp\/v2\/comments?post=24"}],"version-history":[{"count":5,"href":"https:\/\/www.hockey-aalen.de\/w9\/index.php\/wp-json\/wp\/v2\/pages\/24\/revisions"}],"predecessor-version":[{"id":752,"href":"https:\/\/www.hockey-aalen.de\/w9\/index.php\/wp-json\/wp\/v2\/pages\/24\/revisions\/752"}],"wp:attachment":[{"href":"https:\/\/www.hockey-aalen.de\/w9\/index.php\/wp-json\/wp\/v2\/media?parent=24"}],"curies":[{"name":"wp","href":"https:\/\/api.w.org\/{rel}","templated":true}]}}